{"id":956,"date":"2024-05-31T16:35:40","date_gmt":"2024-05-31T14:35:40","guid":{"rendered":"http:\/\/nutzfahrzeugtechnik.org\/rotachain-airbox\/"},"modified":"2025-04-14T14:01:39","modified_gmt":"2025-04-14T12:01:39","slug":"rotachain-airbox","status":"publish","type":"page","link":"https:\/\/www.schleuderkette.com\/fr\/rotachain-airbox\/","title":{"rendered":"Rotachain Airbox"},"content":{"rendered":"\t\t<div data-elementor-type=\"wp-page\" data-elementor-id=\"956\" class=\"elementor elementor-956 elementor-103\" data-elementor-post-type=\"page\">\n\t\t\t\t<div class=\"elementor-element elementor-element-0f33cfc e-con-full e-flex e-con e-parent\" data-id=\"0f33cfc\" data-element_type=\"container\">\n\t\t\t\t<div class=\"elementor-element elementor-element-650cd4d elementor--h-position-center elementor--v-position-middle elementor-arrows-position-inside elementor-pagination-position-inside elementor-widget elementor-widget-slides\" data-id=\"650cd4d\" data-element_type=\"widget\" data-settings=\"{&quot;navigation&quot;:&quot;both&quot;,&quot;autoplay&quot;:&quot;yes&quot;,&quot;pause_on_hover&quot;:&quot;yes&quot;,&quot;pause_on_interaction&quot;:&quot;yes&quot;,&quot;autoplay_speed&quot;:5000,&quot;infinite&quot;:&quot;yes&quot;,&quot;transition&quot;:&quot;slide&quot;,&quot;transition_speed&quot;:500}\" data-widget_type=\"slides.default\">\n\t\t\t\t<div class=\"elementor-widget-container\">\n\t\t\t\t\t\t\t\t\t<div class=\"elementor-swiper\">\n\t\t\t\t\t<div class=\"elementor-slides-wrapper elementor-main-swiper swiper\" role=\"region\" aria-roledescription=\"carousel\" aria-label=\"Slider\" dir=\"ltr\" data-animation=\"fadeInUp\">\n\t\t\t\t<div class=\"swiper-wrapper elementor-slides\">\n\t\t\t\t\t\t\t\t\t\t<div class=\"elementor-repeater-item-3096761 swiper-slide\" role=\"group\" aria-roledescription=\"slide\"><div class=\"swiper-slide-bg\" role=\"img\"><\/div><div class=\"swiper-slide-inner\" ><div class=\"swiper-slide-contents\"><div class=\"elementor-slide-heading\">Set de compresseur ROTACHAIN - Airbox<\/div><\/div><\/div><\/div><div class=\"elementor-repeater-item-0cb6896 swiper-slide\" role=\"group\" aria-roledescription=\"slide\"><div class=\"swiper-slide-bg\" role=\"img\"><\/div><div class=\"swiper-slide-inner\" ><div class=\"swiper-slide-contents\"><div class=\"elementor-slide-heading\">Set de compresseur ROTACHAIN - Airbox<\/div><\/div><\/div><\/div>\t\t\t\t<\/div>\n\t\t\t\t\t\t\t\t\t\t\t\t\t\t\t<div class=\"swiper-pagination\"><\/div>\n\t\t\t\t\t\t\t\t\t\t\t\t\t\t\t\t<div class=\"elementor-swiper-button elementor-swiper-button-prev\" role=\"button\" tabindex=\"0\" aria-label=\"Diapositive pr\u00e9c\u00e9dente\">\n\t\t\t\t\t\t\t<svg aria-hidden=\"true\" class=\"e-font-icon-svg e-eicon-chevron-left\" viewBox=\"0 0 1000 1000\" xmlns=\"http:\/\/www.w3.org\/2000\/svg\"><path d=\"M646 125C629 125 613 133 604 142L308 442C296 454 292 471 292 487 292 504 296 521 308 533L604 854C617 867 629 875 646 875 663 875 679 871 692 858 704 846 713 829 713 812 713 796 708 779 692 767L438 487 692 225C700 217 708 204 708 187 708 171 704 154 692 142 675 129 663 125 646 125Z\"><\/path><\/svg>\t\t\t\t\t\t<\/div>\n\t\t\t\t\t\t<div class=\"elementor-swiper-button elementor-swiper-button-next\" role=\"button\" tabindex=\"0\" aria-label=\"Diapositive suivante\">\n\t\t\t\t\t\t\t<svg aria-hidden=\"true\" class=\"e-font-icon-svg e-eicon-chevron-right\" viewBox=\"0 0 1000 1000\" xmlns=\"http:\/\/www.w3.org\/2000\/svg\"><path d=\"M696 533C708 521 713 504 713 487 713 471 708 454 696 446L400 146C388 133 375 125 354 125 338 125 325 129 313 142 300 154 292 171 292 187 292 204 296 221 308 233L563 492 304 771C292 783 288 800 288 817 288 833 296 850 308 863 321 871 338 875 354 875 371 875 388 867 400 854L696 533Z\"><\/path><\/svg>\t\t\t\t\t\t<\/div>\n\t\t\t\t\t\t\t\t\t\t\t\t<\/div>\n\t\t\t\t<\/div>\n\t\t\t\t\t\t\t\t<\/div>\n\t\t\t\t<\/div>\n\t\t\t\t<\/div>\n\t\t<div class=\"elementor-element elementor-element-6023542 e-flex e-con-boxed e-con e-parent\" data-id=\"6023542\" data-element_type=\"container\">\n\t\t\t\t\t<div class=\"e-con-inner\">\n\t\t<div class=\"elementor-element elementor-element-a3a37a2 e-con-full e-flex e-con e-child\" data-id=\"a3a37a2\" data-element_type=\"container\">\n\t\t\t\t<div class=\"elementor-element elementor-element-6627f54 elementor-widget elementor-widget-heading\" data-id=\"6627f54\" data-element_type=\"widget\" data-widget_type=\"heading.default\">\n\t\t\t\t<div class=\"elementor-widget-container\">\n\t\t\t\t\t<h2 class=\"elementor-heading-title elementor-size-default\">ROTACHAIN - Airbox<\/h2>\t\t\t\t<\/div>\n\t\t\t\t<\/div>\n\t\t\t\t<div class=\"elementor-element elementor-element-7dcec77 elementor-widget elementor-widget-text-editor\" data-id=\"7dcec77\" data-element_type=\"widget\" data-widget_type=\"text-editor.default\">\n\t\t\t\t<div class=\"elementor-widget-container\">\n\t\t\t\t\t\t\t\t\t<p>\u00c9tant donn\u00e9 que Rotachain est un syst\u00e8me pneumatique, la Rotachain-AIRBOX a \u00e9t\u00e9 sp\u00e9cialement d\u00e9velopp\u00e9e : un ensemble de compresseurs pour v\u00e9hicules utilitaires l\u00e9gers (jusqu&rsquo;\u00e0 7,49 tonnes) sans alimentation en air comprim\u00e9. L&rsquo;ensemble comprend une bo\u00eete de compresseur avec un contr\u00f4le de pression int\u00e9gr\u00e9 ainsi qu&rsquo;une bo\u00eete de commande de vanne. <\/p><p>De plus, un r\u00e9servoir d&rsquo;air est inclus, \u00e9quip\u00e9 d&rsquo;une soupape de surpression et d&rsquo;une vis de purge pour l&rsquo;eau de condensation. Le compresseur mont\u00e9 sur des ressorts garantit un fonctionnement silencieux et sans vibrations, tandis que la bo\u00eete offre \u00e9galement une protection contre les projections. <\/p>\t\t\t\t\t\t\t\t<\/div>\n\t\t\t\t<\/div>\n\t\t\t\t<\/div>\n\t\t<div class=\"elementor-element elementor-element-b254835 e-con-full e-flex e-con e-child\" data-id=\"b254835\" data-element_type=\"container\">\n\t\t\t\t<div class=\"elementor-element elementor-element-759d157 elementor-widget elementor-widget-image\" data-id=\"759d157\" data-element_type=\"widget\" data-widget_type=\"image.default\">\n\t\t\t\t<div class=\"elementor-widget-container\">\n\t\t\t\t\t\t\t\t\t\t\t\t\t\t\t<img fetchpriority=\"high\" decoding=\"async\" width=\"800\" height=\"542\" src=\"https:\/\/www.schleuderkette.com\/wp-content\/uploads\/2025\/03\/ab1-1024x694.png\" class=\"attachment-large size-large wp-image-9522\" alt=\"\" srcset=\"https:\/\/www.schleuderkette.com\/wp-content\/uploads\/2025\/03\/ab1-1024x694.png 1024w, https:\/\/www.schleuderkette.com\/wp-content\/uploads\/2025\/03\/ab1-300x203.png 300w, https:\/\/www.schleuderkette.com\/wp-content\/uploads\/2025\/03\/ab1-768x520.png 768w, https:\/\/www.schleuderkette.com\/wp-content\/uploads\/2025\/03\/ab1-1536x1040.png 1536w, https:\/\/www.schleuderkette.com\/wp-content\/uploads\/2025\/03\/ab1-2048x1387.png 2048w\" sizes=\"(max-width: 800px) 100vw, 800px\" \/>\t\t\t\t\t\t\t\t\t\t\t\t\t\t\t<\/div>\n\t\t\t\t<\/div>\n\t\t\t\t<\/div>\n\t\t\t\t\t<\/div>\n\t\t\t\t<\/div>\n\t\t<div class=\"elementor-element elementor-element-1866842 e-flex e-con-boxed e-con e-parent\" data-id=\"1866842\" data-element_type=\"container\" data-settings=\"{&quot;background_background&quot;:&quot;classic&quot;}\">\n\t\t\t\t\t<div class=\"e-con-inner\">\n\t\t<div class=\"elementor-element elementor-element-b78ae5d e-con-full e-flex e-con e-child\" data-id=\"b78ae5d\" data-element_type=\"container\">\n\t\t\t\t<div class=\"elementor-element elementor-element-f54d12b elementor-widget elementor-widget-heading\" data-id=\"f54d12b\" data-element_type=\"widget\" data-widget_type=\"heading.default\">\n\t\t\t\t<div class=\"elementor-widget-container\">\n\t\t\t\t\t<h2 class=\"elementor-heading-title elementor-size-default\"> Supports sp\u00e9cifiques aux v\u00e9hicules<\/h2>\t\t\t\t<\/div>\n\t\t\t\t<\/div>\n\t\t\t\t<div class=\"elementor-element elementor-element-8619b18 elementor-widget elementor-widget-text-editor\" data-id=\"8619b18\" data-element_type=\"widget\" data-widget_type=\"text-editor.default\">\n\t\t\t\t<div class=\"elementor-widget-container\">\n\t\t\t\t\t\t\t\t\t<p>Le montage externe sur le ch\u00e2ssis se fait par des plaques de fixation sp\u00e9cifiques au v\u00e9hicule, garantissant une installation simple et rapide. <br>Une instruction d\u00e9taill\u00e9e est fourni pour faciliter le processus d&rsquo;installation.<\/p><p>Cette solution permet une int\u00e9gration simple, afin de doter \u00e9galement les v\u00e9hicules utilitaires l\u00e9gers du syst\u00e8me Rotachain.<\/p>\t\t\t\t\t\t\t\t<\/div>\n\t\t\t\t<\/div>\n\t\t\t\t<div class=\"elementor-element elementor-element-3e47faf elementor-widget elementor-widget-button\" data-id=\"3e47faf\" data-element_type=\"widget\" data-widget_type=\"button.default\">\n\t\t\t\t<div class=\"elementor-widget-container\">\n\t\t\t\t\t\t\t\t\t<div class=\"elementor-button-wrapper\">\n\t\t\t\t\t<a class=\"elementor-button elementor-button-link elementor-size-sm\" href=\"https:\/\/nutzfahrzeugtechnik.org\/fr\/contact\/\">\n\t\t\t\t\t\t<span class=\"elementor-button-content-wrapper\">\n\t\t\t\t\t\t\t\t\t<span class=\"elementor-button-text\">Contactez-nous maintenant<\/span>\n\t\t\t\t\t<\/span>\n\t\t\t\t\t<\/a>\n\t\t\t\t<\/div>\n\t\t\t\t\t\t\t\t<\/div>\n\t\t\t\t<\/div>\n\t\t\t\t<\/div>\n\t\t<div class=\"elementor-element elementor-element-4668c26 e-con-full e-flex e-con e-child\" data-id=\"4668c26\" data-element_type=\"container\">\n\t\t\t\t<div class=\"elementor-element elementor-element-eb55065 elementor-widget elementor-widget-image\" data-id=\"eb55065\" data-element_type=\"widget\" data-widget_type=\"image.default\">\n\t\t\t\t<div class=\"elementor-widget-container\">\n\t\t\t\t\t\t\t\t\t\t\t\t\t\t\t<img decoding=\"async\" width=\"800\" height=\"541\" src=\"https:\/\/www.schleuderkette.com\/wp-content\/uploads\/2025\/03\/ab3-1024x693.png\" class=\"attachment-large size-large wp-image-9528\" alt=\"\" srcset=\"https:\/\/www.schleuderkette.com\/wp-content\/uploads\/2025\/03\/ab3-1024x693.png 1024w, https:\/\/www.schleuderkette.com\/wp-content\/uploads\/2025\/03\/ab3-300x203.png 300w, https:\/\/www.schleuderkette.com\/wp-content\/uploads\/2025\/03\/ab3-768x520.png 768w, https:\/\/www.schleuderkette.com\/wp-content\/uploads\/2025\/03\/ab3-1536x1040.png 1536w, https:\/\/www.schleuderkette.com\/wp-content\/uploads\/2025\/03\/ab3-2048x1387.png 2048w\" sizes=\"(max-width: 800px) 100vw, 800px\" \/>\t\t\t\t\t\t\t\t\t\t\t\t\t\t\t<\/div>\n\t\t\t\t<\/div>\n\t\t\t\t<\/div>\n\t\t\t\t\t<\/div>\n\t\t\t\t<\/div>\n\t\t\t\t<\/div>\n\t\t","protected":false},"excerpt":{"rendered":"<p>Set de compresseur ROTACHAIN &#8211; AirboxSet de compresseur ROTACHAIN &#8211; Airbox ROTACHAIN &#8211; Airbox \u00c9tant donn\u00e9 que Rotachain est un syst\u00e8me pneumatique, la Rotachain-AIRBOX a \u00e9t\u00e9 sp\u00e9cialement d\u00e9velopp\u00e9e : un ensemble de compresseurs pour v\u00e9hicules utilitaires l\u00e9gers (jusqu&rsquo;\u00e0 7,49 tonnes) sans alimentation en air comprim\u00e9. L&rsquo;ensemble comprend une bo\u00eete de compresseur avec un contr\u00f4le de [&hellip;]<\/p>\n","protected":false},"author":1,"featured_media":0,"parent":0,"menu_order":0,"comment_status":"closed","ping_status":"closed","template":"","meta":{"footnotes":""},"class_list":["post-956","page","type-page","status-publish","hentry"],"yoast_head":"<!-- This site is optimized with the Yoast SEO plugin v24.8.1 - https:\/\/yoast.com\/wordpress\/plugins\/seo\/ -->\n<title>Rotachain Airbox - Set de compresseur pour chai\u0302nages automatiques<\/title>\n<meta name=\"description\" content=\"Rotachain Airbox \u2013 Kit compresseur. \u00c9tant donn\u00e9 que Rotachain est un syst\u00e8me \u00e0 commande pneumatique, la Rotachain AIRBOX a \u00e9t\u00e9 sp\u00e9cialement d\u00e9velopp\u00e9e \u00e0 cet effet.\" \/>\n<meta name=\"robots\" content=\"index, follow, max-snippet:-1, max-image-preview:large, max-video-preview:-1\" \/>\n<link rel=\"canonical\" href=\"https:\/\/www.schleuderkette.com\/fr\/rotachain-airbox\/\" \/>\n<meta property=\"og:locale\" content=\"fr_FR\" \/>\n<meta property=\"og:type\" content=\"article\" \/>\n<meta property=\"og:title\" content=\"Rotachain Airbox - Set de compresseur pour chai\u0302nages automatiques\" \/>\n<meta property=\"og:description\" content=\"Rotachain Airbox \u2013 Kit compresseur. \u00c9tant donn\u00e9 que Rotachain est un syst\u00e8me \u00e0 commande pneumatique, la Rotachain AIRBOX a \u00e9t\u00e9 sp\u00e9cialement d\u00e9velopp\u00e9e \u00e0 cet effet.\" \/>\n<meta property=\"og:url\" content=\"https:\/\/www.schleuderkette.com\/fr\/rotachain-airbox\/\" \/>\n<meta property=\"og:site_name\" content=\"Schleuderketten Rotationsketten\" \/>\n<meta property=\"article:modified_time\" content=\"2025-04-14T12:01:39+00:00\" \/>\n<meta property=\"og:image\" content=\"https:\/\/nutzfahrzeugtechnik.org\/wp-content\/uploads\/2025\/03\/ab1-1024x694.png\" \/>\n<meta name=\"twitter:card\" content=\"summary_large_image\" \/>\n<meta name=\"twitter:label1\" content=\"Dur\u00e9e de lecture estim\u00e9e\" \/>\n\t<meta name=\"twitter:data1\" content=\"1 minute\" \/>\n<script type=\"application\/ld+json\" class=\"yoast-schema-graph\">{\"@context\":\"https:\/\/schema.org\",\"@graph\":[{\"@type\":\"WebPage\",\"@id\":\"https:\/\/www.schleuderkette.com\/fr\/rotachain-airbox\/\",\"url\":\"https:\/\/www.schleuderkette.com\/fr\/rotachain-airbox\/\",\"name\":\"Rotachain Airbox - Set de compresseur pour chai\u0302nages automatiques\",\"isPartOf\":{\"@id\":\"https:\/\/www.schleuderkette.com\/fr\/#website\"},\"primaryImageOfPage\":{\"@id\":\"https:\/\/www.schleuderkette.com\/fr\/rotachain-airbox\/#primaryimage\"},\"image\":{\"@id\":\"https:\/\/www.schleuderkette.com\/fr\/rotachain-airbox\/#primaryimage\"},\"thumbnailUrl\":\"https:\/\/nutzfahrzeugtechnik.org\/wp-content\/uploads\/2025\/03\/ab1-1024x694.png\",\"datePublished\":\"2024-05-31T14:35:40+00:00\",\"dateModified\":\"2025-04-14T12:01:39+00:00\",\"description\":\"Rotachain Airbox \u2013 Kit compresseur. \u00c9tant donn\u00e9 que Rotachain est un syst\u00e8me \u00e0 commande pneumatique, la Rotachain AIRBOX a \u00e9t\u00e9 sp\u00e9cialement d\u00e9velopp\u00e9e \u00e0 cet effet.\",\"breadcrumb\":{\"@id\":\"https:\/\/www.schleuderkette.com\/fr\/rotachain-airbox\/#breadcrumb\"},\"inLanguage\":\"fr-FR\",\"potentialAction\":[{\"@type\":\"ReadAction\",\"target\":[\"https:\/\/www.schleuderkette.com\/fr\/rotachain-airbox\/\"]}]},{\"@type\":\"ImageObject\",\"inLanguage\":\"fr-FR\",\"@id\":\"https:\/\/www.schleuderkette.com\/fr\/rotachain-airbox\/#primaryimage\",\"url\":\"https:\/\/nutzfahrzeugtechnik.org\/wp-content\/uploads\/2025\/03\/ab1-1024x694.png\",\"contentUrl\":\"https:\/\/nutzfahrzeugtechnik.org\/wp-content\/uploads\/2025\/03\/ab1-1024x694.png\"},{\"@type\":\"BreadcrumbList\",\"@id\":\"https:\/\/www.schleuderkette.com\/fr\/rotachain-airbox\/#breadcrumb\",\"itemListElement\":[{\"@type\":\"ListItem\",\"position\":1,\"name\":\"Startseite\",\"item\":\"https:\/\/www.anfahrhilfen.com\/fr\/\"},{\"@type\":\"ListItem\",\"position\":2,\"name\":\"Rotachain Airbox\"}]},{\"@type\":\"WebSite\",\"@id\":\"https:\/\/www.schleuderkette.com\/fr\/#website\",\"url\":\"https:\/\/www.schleuderkette.com\/fr\/\",\"name\":\"Schleuderketten Rotationsketten\",\"description\":\"Rotachain f\u00fcr Nutzfahrzeuge wie MAN, Mercedes Benz, Iveco, Scania, Renault, DAF\",\"publisher\":{\"@id\":\"https:\/\/www.schleuderkette.com\/fr\/#organization\"},\"potentialAction\":[{\"@type\":\"SearchAction\",\"target\":{\"@type\":\"EntryPoint\",\"urlTemplate\":\"https:\/\/www.schleuderkette.com\/fr\/?s={search_term_string}\"},\"query-input\":{\"@type\":\"PropertyValueSpecification\",\"valueRequired\":true,\"valueName\":\"search_term_string\"}}],\"inLanguage\":\"fr-FR\"},{\"@type\":\"Organization\",\"@id\":\"https:\/\/www.schleuderkette.com\/fr\/#organization\",\"name\":\"Schleuderketten Rotationsketten\",\"url\":\"https:\/\/www.schleuderkette.com\/fr\/\",\"logo\":{\"@type\":\"ImageObject\",\"inLanguage\":\"fr-FR\",\"@id\":\"https:\/\/www.schleuderkette.com\/fr\/#\/schema\/logo\/image\/\",\"url\":\"https:\/\/www.schleuderkette.com\/wp-content\/uploads\/2024\/05\/rota_chain_Logo-2-1.png\",\"contentUrl\":\"https:\/\/www.schleuderkette.com\/wp-content\/uploads\/2024\/05\/rota_chain_Logo-2-1.png\",\"width\":423,\"height\":256,\"caption\":\"Schleuderketten Rotationsketten\"},\"image\":{\"@id\":\"https:\/\/www.schleuderkette.com\/fr\/#\/schema\/logo\/image\/\"}}]}<\/script>\n<!-- \/ Yoast SEO plugin. -->","yoast_head_json":{"title":"Rotachain Airbox - Set de compresseur pour chai\u0302nages automatiques","description":"Rotachain Airbox \u2013 Kit compresseur. \u00c9tant donn\u00e9 que Rotachain est un syst\u00e8me \u00e0 commande pneumatique, la Rotachain AIRBOX a \u00e9t\u00e9 sp\u00e9cialement d\u00e9velopp\u00e9e \u00e0 cet effet.","robots":{"index":"index","follow":"follow","max-snippet":"max-snippet:-1","max-image-preview":"max-image-preview:large","max-video-preview":"max-video-preview:-1"},"canonical":"https:\/\/www.schleuderkette.com\/fr\/rotachain-airbox\/","og_locale":"fr_FR","og_type":"article","og_title":"Rotachain Airbox - Set de compresseur pour chai\u0302nages automatiques","og_description":"Rotachain Airbox \u2013 Kit compresseur. \u00c9tant donn\u00e9 que Rotachain est un syst\u00e8me \u00e0 commande pneumatique, la Rotachain AIRBOX a \u00e9t\u00e9 sp\u00e9cialement d\u00e9velopp\u00e9e \u00e0 cet effet.","og_url":"https:\/\/www.schleuderkette.com\/fr\/rotachain-airbox\/","og_site_name":"Schleuderketten Rotationsketten","article_modified_time":"2025-04-14T12:01:39+00:00","og_image":[{"url":"https:\/\/nutzfahrzeugtechnik.org\/wp-content\/uploads\/2025\/03\/ab1-1024x694.png","type":"","width":"","height":""}],"twitter_card":"summary_large_image","twitter_misc":{"Dur\u00e9e de lecture estim\u00e9e":"1 minute"},"schema":{"@context":"https:\/\/schema.org","@graph":[{"@type":"WebPage","@id":"https:\/\/www.schleuderkette.com\/fr\/rotachain-airbox\/","url":"https:\/\/www.schleuderkette.com\/fr\/rotachain-airbox\/","name":"Rotachain Airbox - Set de compresseur pour chai\u0302nages automatiques","isPartOf":{"@id":"https:\/\/www.schleuderkette.com\/fr\/#website"},"primaryImageOfPage":{"@id":"https:\/\/www.schleuderkette.com\/fr\/rotachain-airbox\/#primaryimage"},"image":{"@id":"https:\/\/www.schleuderkette.com\/fr\/rotachain-airbox\/#primaryimage"},"thumbnailUrl":"https:\/\/nutzfahrzeugtechnik.org\/wp-content\/uploads\/2025\/03\/ab1-1024x694.png","datePublished":"2024-05-31T14:35:40+00:00","dateModified":"2025-04-14T12:01:39+00:00","description":"Rotachain Airbox \u2013 Kit compresseur. \u00c9tant donn\u00e9 que Rotachain est un syst\u00e8me \u00e0 commande pneumatique, la Rotachain AIRBOX a \u00e9t\u00e9 sp\u00e9cialement d\u00e9velopp\u00e9e \u00e0 cet effet.","breadcrumb":{"@id":"https:\/\/www.schleuderkette.com\/fr\/rotachain-airbox\/#breadcrumb"},"inLanguage":"fr-FR","potentialAction":[{"@type":"ReadAction","target":["https:\/\/www.schleuderkette.com\/fr\/rotachain-airbox\/"]}]},{"@type":"ImageObject","inLanguage":"fr-FR","@id":"https:\/\/www.schleuderkette.com\/fr\/rotachain-airbox\/#primaryimage","url":"https:\/\/nutzfahrzeugtechnik.org\/wp-content\/uploads\/2025\/03\/ab1-1024x694.png","contentUrl":"https:\/\/nutzfahrzeugtechnik.org\/wp-content\/uploads\/2025\/03\/ab1-1024x694.png"},{"@type":"BreadcrumbList","@id":"https:\/\/www.schleuderkette.com\/fr\/rotachain-airbox\/#breadcrumb","itemListElement":[{"@type":"ListItem","position":1,"name":"Startseite","item":"https:\/\/www.anfahrhilfen.com\/fr\/"},{"@type":"ListItem","position":2,"name":"Rotachain Airbox"}]},{"@type":"WebSite","@id":"https:\/\/www.schleuderkette.com\/fr\/#website","url":"https:\/\/www.schleuderkette.com\/fr\/","name":"Schleuderketten Rotationsketten","description":"Rotachain f\u00fcr Nutzfahrzeuge wie MAN, Mercedes Benz, Iveco, Scania, Renault, DAF","publisher":{"@id":"https:\/\/www.schleuderkette.com\/fr\/#organization"},"potentialAction":[{"@type":"SearchAction","target":{"@type":"EntryPoint","urlTemplate":"https:\/\/www.schleuderkette.com\/fr\/?s={search_term_string}"},"query-input":{"@type":"PropertyValueSpecification","valueRequired":true,"valueName":"search_term_string"}}],"inLanguage":"fr-FR"},{"@type":"Organization","@id":"https:\/\/www.schleuderkette.com\/fr\/#organization","name":"Schleuderketten Rotationsketten","url":"https:\/\/www.schleuderkette.com\/fr\/","logo":{"@type":"ImageObject","inLanguage":"fr-FR","@id":"https:\/\/www.schleuderkette.com\/fr\/#\/schema\/logo\/image\/","url":"https:\/\/www.schleuderkette.com\/wp-content\/uploads\/2024\/05\/rota_chain_Logo-2-1.png","contentUrl":"https:\/\/www.schleuderkette.com\/wp-content\/uploads\/2024\/05\/rota_chain_Logo-2-1.png","width":423,"height":256,"caption":"Schleuderketten Rotationsketten"},"image":{"@id":"https:\/\/www.schleuderkette.com\/fr\/#\/schema\/logo\/image\/"}}]}},"_links":{"self":[{"href":"https:\/\/www.schleuderkette.com\/fr\/wp-json\/wp\/v2\/pages\/956","targetHints":{"allow":["GET"]}}],"collection":[{"href":"https:\/\/www.schleuderkette.com\/fr\/wp-json\/wp\/v2\/pages"}],"about":[{"href":"https:\/\/www.schleuderkette.com\/fr\/wp-json\/wp\/v2\/types\/page"}],"author":[{"embeddable":true,"href":"https:\/\/www.schleuderkette.com\/fr\/wp-json\/wp\/v2\/users\/1"}],"replies":[{"embeddable":true,"href":"https:\/\/www.schleuderkette.com\/fr\/wp-json\/wp\/v2\/comments?post=956"}],"version-history":[{"count":13,"href":"https:\/\/www.schleuderkette.com\/fr\/wp-json\/wp\/v2\/pages\/956\/revisions"}],"predecessor-version":[{"id":11029,"href":"https:\/\/www.schleuderkette.com\/fr\/wp-json\/wp\/v2\/pages\/956\/revisions\/11029"}],"wp:attachment":[{"href":"https:\/\/www.schleuderkette.com\/fr\/wp-json\/wp\/v2\/media?parent=956"}],"curies":[{"name":"wp","href":"https:\/\/api.w.org\/{rel}","templated":true}]}}